{"id":206,"date":"2022-01-10T12:31:16","date_gmt":"2022-01-10T12:31:16","guid":{"rendered":"https:\/\/medilar.atakansaracoglu.com\/?page_id=206"},"modified":"2023-01-11T14:58:20","modified_gmt":"2023-01-11T13:58:20","slug":"our-doctors","status":"publish","type":"page","link":"https:\/\/wwwbioxaorphan.hitsolutions.sk\/?page_id=206","title":{"rendered":"<strong>PARTNERS\u00a0<\/strong>"},"content":{"rendered":"\t\t<div data-elementor-type=\"wp-page\" data-elementor-id=\"206\" class=\"elementor elementor-206\">\n\t\t\t\t\t\t<section class=\"elementor-section elementor-top-section elementor-element elementor-element-44909f9 elementor-section-height-min-height elementor-section-boxed elementor-section-height-default elementor-section-items-middle\" data-id=\"44909f9\" data-element_type=\"section\" data-settings=\"{&quot;background_background&quot;:&quot;classic&quot;}\">\n\t\t\t\t\t\t\t<div class=\"elementor-background-overlay\"><\/div>\n\t\t\t\t\t\t\t<div class=\"elementor-container elementor-column-gap-no\">\n\t\t\t\t\t<div class=\"elementor-column elementor-col-100 elementor-top-column elementor-element elementor-element-8453e7f\" data-id=\"8453e7f\" data-element_type=\"column\">\n\t\t\t<div class=\"elementor-widget-wrap elementor-element-populated\">\n\t\t\t\t\t\t<div class=\"elementor-element elementor-element-1896840 elementor-widget elementor-widget-page-title\" data-id=\"1896840\" data-element_type=\"widget\" data-settings=\"{&quot;align&quot;:&quot;center&quot;}\" data-widget_type=\"page-title.default\">\n\t\t\t\t<div class=\"elementor-widget-container\">\n\t\t\t\t\t\n\t\t<div class=\"hfe-page-title hfe-page-title-wrapper elementor-widget-heading\">\n\n\t\t\t\t\t\t\t\t\t\t\t<a href=\"https:\/\/wwwbioxaorphan.hitsolutions.sk\">\n\t\t\t\t\t\t<h1 class=\"elementor-heading-title elementor-size-default\">\n\t\t\t\t\t\t\t\t\n\t\t\t\t<strong>PARTNERS\u00a0<\/strong>  \n\t\t\t<\/h1 > \n\t\t\t\t\t\t\t\t\t<\/a>\n\t\t\t\t\t<\/div>\n\t\t\t\t<\/div>\n\t\t\t\t<\/div>\n\t\t\t\t\t<\/div>\n\t\t<\/div>\n\t\t\t\t\t<\/div>\n\t\t<\/section>\n\t\t\t\t<section class=\"elementor-section elementor-top-section elementor-element elementor-element-92a7250 elementor-section-boxed elementor-section-height-default elementor-section-height-default\" data-id=\"92a7250\" data-element_type=\"section\" data-settings=\"{&quot;background_background&quot;:&quot;classic&quot;}\">\n\t\t\t\t\t\t<div class=\"elementor-container elementor-column-gap-default\">\n\t\t\t\t\t<div class=\"elementor-column elementor-col-100 elementor-top-column elementor-element elementor-element-b537c11\" data-id=\"b537c11\" data-element_type=\"column\">\n\t\t\t<div class=\"elementor-widget-wrap elementor-element-populated\">\n\t\t\t\t\t\t<section class=\"elementor-section elementor-inner-section elementor-element elementor-element-65bbb48 elementor-section-boxed elementor-section-height-default elementor-section-height-default\" data-id=\"65bbb48\" data-element_type=\"section\">\n\t\t\t\t\t\t<div class=\"elementor-container elementor-column-gap-default\">\n\t\t\t\t\t<div class=\"elementor-column elementor-col-100 elementor-inner-column elementor-element elementor-element-b9b794d\" data-id=\"b9b794d\" data-element_type=\"column\">\n\t\t\t<div class=\"elementor-widget-wrap elementor-element-populated\">\n\t\t\t\t\t\t<div class=\"elementor-element elementor-element-5474691 elementor-widget elementor-widget-elementskit-heading\" data-id=\"5474691\" data-element_type=\"widget\" data-widget_type=\"elementskit-heading.default\">\n\t\t\t\t<div class=\"elementor-widget-container\">\n\t\t\t<div class=\"ekit-wid-con\" ><div class=\"ekit-heading elementskit-section-title-wraper text_center   ekit_heading_tablet-   ekit_heading_mobile-\"><h2 class=\"ekit-heading--title elementskit-section-title \">PARTNERS of BIOXA group<\/h2><\/div><\/div>\t\t<\/div>\n\t\t\t\t<\/div>\n\t\t\t\t\t<\/div>\n\t\t<\/div>\n\t\t\t\t\t<\/div>\n\t\t<\/section>\n\t\t\t\t\t<\/div>\n\t\t<\/div>\n\t\t\t\t\t<\/div>\n\t\t<\/section>\n\t\t\t\t<section class=\"elementor-section elementor-top-section elementor-element elementor-element-db11159 elementor-section-content-middle elementor-section-stretched elementor-section-boxed elementor-section-height-default elementor-section-height-default\" data-id=\"db11159\" data-element_type=\"section\" data-settings=\"{&quot;stretch_section&quot;:&quot;section-stretched&quot;}\">\n\t\t\t\t\t\t<div class=\"elementor-container elementor-column-gap-default\">\n\t\t\t\t\t<div class=\"elementor-column elementor-col-100 elementor-top-column elementor-element elementor-element-847354a\" data-id=\"847354a\" data-element_type=\"column\">\n\t\t\t<div class=\"elementor-widget-wrap elementor-element-populated\">\n\t\t\t\t\t\t<div class=\"elementor-element elementor-element-7b64322 elementor-widget__width-initial elementor-invisible elementor-widget elementor-widget-image-gallery\" data-id=\"7b64322\" data-element_type=\"widget\" data-settings=\"{&quot;_animation&quot;:&quot;fadeInLeft&quot;}\" data-widget_type=\"image-gallery.default\">\n\t\t\t\t<div class=\"elementor-widget-container\">\n\t\t\t<style>\/*! elementor - v3.23.0 - 05-08-2024 *\/\n.elementor-image-gallery .gallery-item{display:inline-block;text-align:center;vertical-align:top;width:100%;max-width:100%;margin:0 auto}.elementor-image-gallery .gallery-item img{margin:0 auto}.elementor-image-gallery .gallery-item .gallery-caption{margin:0}.elementor-image-gallery figure img{display:block}.elementor-image-gallery figure figcaption{width:100%}.gallery-spacing-custom .elementor-image-gallery .gallery-icon{padding:0}@media (min-width:768px){.elementor-image-gallery .gallery-columns-2 .gallery-item{max-width:50%}.elementor-image-gallery .gallery-columns-3 .gallery-item{max-width:33.33%}.elementor-image-gallery .gallery-columns-4 .gallery-item{max-width:25%}.elementor-image-gallery .gallery-columns-5 .gallery-item{max-width:20%}.elementor-image-gallery .gallery-columns-6 .gallery-item{max-width:16.666%}.elementor-image-gallery .gallery-columns-7 .gallery-item{max-width:14.28%}.elementor-image-gallery .gallery-columns-8 .gallery-item{max-width:12.5%}.elementor-image-gallery .gallery-columns-9 .gallery-item{max-width:11.11%}.elementor-image-gallery .gallery-columns-10 .gallery-item{max-width:10%}}@media (min-width:480px) and (max-width:767px){.elementor-image-gallery .gallery.gallery-columns-2 .gallery-item,.elementor-image-gallery .gallery.gallery-columns-3 .gallery-item,.elementor-image-gallery .gallery.gallery-columns-4 .gallery-item,.elementor-image-gallery .gallery.gallery-columns-5 .gallery-item,.elementor-image-gallery .gallery.gallery-columns-6 .gallery-item,.elementor-image-gallery .gallery.gallery-columns-7 .gallery-item,.elementor-image-gallery .gallery.gallery-columns-8 .gallery-item,.elementor-image-gallery .gallery.gallery-columns-9 .gallery-item,.elementor-image-gallery .gallery.gallery-columns-10 .gallery-item{max-width:50%}}@media (max-width:479px){.elementor-image-gallery .gallery.gallery-columns-2 .gallery-item,.elementor-image-gallery .gallery.gallery-columns-3 .gallery-item,.elementor-image-gallery .gallery.gallery-columns-4 .gallery-item,.elementor-image-gallery .gallery.gallery-columns-5 .gallery-item,.elementor-image-gallery .gallery.gallery-columns-6 .gallery-item,.elementor-image-gallery .gallery.gallery-columns-7 .gallery-item,.elementor-image-gallery .gallery.gallery-columns-8 .gallery-item,.elementor-image-gallery .gallery.gallery-columns-9 .gallery-item,.elementor-image-gallery .gallery.gallery-columns-10 .gallery-item{max-width:100%}}<\/style>\t\t<div class=\"elementor-image-gallery\">\n\t\t\t<div id='gallery-1' class='gallery galleryid-206 gallery-columns-3 gallery-size-medium'><figure class='gallery-item'>\n\t\t\t<div class='gallery-icon landscape'>\n\t\t\t\t<img width=\"226\" height=\"77\" src=\"https:\/\/wwwbioxaorphan.hitsolutions.sk\/wp-content\/uploads\/2022\/12\/Advancis-Medical-logo.jpg\" class=\"attachment-medium size-medium\" alt=\"uk.advancismedical.com\" decoding=\"async\" aria-describedby=\"gallery-1-1540\" \/>\n\t\t\t<\/div>\n\t\t\t\t<figcaption class='wp-caption-text gallery-caption' id='gallery-1-1540'>\n\t\t\t\tuk.advancismedical.com\n\t\t\t\t<\/figcaption><\/figure><figure class='gallery-item'>\n\t\t\t<div class='gallery-icon landscape'>\n\t\t\t\t<img width=\"300\" height=\"91\" src=\"https:\/\/wwwbioxaorphan.hitsolutions.sk\/wp-content\/uploads\/2023\/01\/ptc_logo_anniversary-rgb-300x91.png\" class=\"attachment-medium size-medium\" alt=\"www.ptcbio.com\" decoding=\"async\" aria-describedby=\"gallery-1-1565\" srcset=\"https:\/\/wwwbioxaorphan.hitsolutions.sk\/wp-content\/uploads\/2023\/01\/ptc_logo_anniversary-rgb-300x91.png 300w, https:\/\/wwwbioxaorphan.hitsolutions.sk\/wp-content\/uploads\/2023\/01\/ptc_logo_anniversary-rgb-768x234.png 768w, https:\/\/wwwbioxaorphan.hitsolutions.sk\/wp-content\/uploads\/2023\/01\/ptc_logo_anniversary-rgb.png 842w\" sizes=\"(max-width: 300px) 100vw, 300px\" \/>\n\t\t\t<\/div>\n\t\t\t\t<figcaption class='wp-caption-text gallery-caption' id='gallery-1-1565'>\n\t\t\t\twww.ptcbio.com\n\t\t\t\t<\/figcaption><\/figure><figure class='gallery-item'>\n\t\t\t<div class='gallery-icon landscape'>\n\t\t\t\t<img width=\"213\" height=\"129\" src=\"https:\/\/wwwbioxaorphan.hitsolutions.sk\/wp-content\/uploads\/2023\/01\/ORTHOGEN_AG_RGB-1024x611.png.webp\" class=\"attachment-medium size-medium\" alt=\"www.orthogen.org\" decoding=\"async\" aria-describedby=\"gallery-1-1560\" \/>\n\t\t\t<\/div>\n\t\t\t\t<figcaption class='wp-caption-text gallery-caption' id='gallery-1-1560'>\n\t\t\t\twww.orthogen.org\n\t\t\t\t<\/figcaption><\/figure><figure class='gallery-item'>\n\t\t\t<div class='gallery-icon landscape'>\n\t\t\t\t<img loading=\"lazy\" width=\"300\" height=\"55\" src=\"https:\/\/wwwbioxaorphan.hitsolutions.sk\/wp-content\/uploads\/2022\/12\/Logo-Euroresearch-630-300x55.png\" class=\"attachment-medium size-medium\" alt=\"www.euroresearch.it\" decoding=\"async\" aria-describedby=\"gallery-1-1539\" srcset=\"https:\/\/wwwbioxaorphan.hitsolutions.sk\/wp-content\/uploads\/2022\/12\/Logo-Euroresearch-630-300x55.png 300w, https:\/\/wwwbioxaorphan.hitsolutions.sk\/wp-content\/uploads\/2022\/12\/Logo-Euroresearch-630.png 630w\" sizes=\"(max-width: 300px) 100vw, 300px\" \/>\n\t\t\t<\/div>\n\t\t\t\t<figcaption class='wp-caption-text gallery-caption' id='gallery-1-1539'>\n\t\t\t\twww.euroresearch.it\n\t\t\t\t<\/figcaption><\/figure><figure class='gallery-item'>\n\t\t\t<div class='gallery-icon landscape'>\n\t\t\t\t<img loading=\"lazy\" width=\"300\" height=\"161\" src=\"https:\/\/wwwbioxaorphan.hitsolutions.sk\/wp-content\/uploads\/2022\/12\/Chemviron-300x161.jpg\" class=\"attachment-medium size-medium\" alt=\"www.chemviron.eu\" decoding=\"async\" aria-describedby=\"gallery-1-1535\" srcset=\"https:\/\/wwwbioxaorphan.hitsolutions.sk\/wp-content\/uploads\/2022\/12\/Chemviron-300x161.jpg 300w, https:\/\/wwwbioxaorphan.hitsolutions.sk\/wp-content\/uploads\/2022\/12\/Chemviron-768x413.jpg 768w, https:\/\/wwwbioxaorphan.hitsolutions.sk\/wp-content\/uploads\/2022\/12\/Chemviron.jpg 974w\" sizes=\"(max-width: 300px) 100vw, 300px\" \/>\n\t\t\t<\/div>\n\t\t\t\t<figcaption class='wp-caption-text gallery-caption' id='gallery-1-1535'>\n\t\t\t\twww.chemviron.eu\n\t\t\t\t<\/figcaption><\/figure><figure class='gallery-item'>\n\t\t\t<div class='gallery-icon landscape'>\n\t\t\t\t<img loading=\"lazy\" width=\"300\" height=\"91\" src=\"https:\/\/wwwbioxaorphan.hitsolutions.sk\/wp-content\/uploads\/2022\/12\/1280px-Shire_logo.svg-300x91.png\" class=\"attachment-medium size-medium\" alt=\"www.shire.com\" decoding=\"async\" aria-describedby=\"gallery-1-1532\" srcset=\"https:\/\/wwwbioxaorphan.hitsolutions.sk\/wp-content\/uploads\/2022\/12\/1280px-Shire_logo.svg-300x91.png 300w, https:\/\/wwwbioxaorphan.hitsolutions.sk\/wp-content\/uploads\/2022\/12\/1280px-Shire_logo.svg-1024x310.png 1024w, https:\/\/wwwbioxaorphan.hitsolutions.sk\/wp-content\/uploads\/2022\/12\/1280px-Shire_logo.svg-768x232.png 768w, https:\/\/wwwbioxaorphan.hitsolutions.sk\/wp-content\/uploads\/2022\/12\/1280px-Shire_logo.svg.png 1280w\" sizes=\"(max-width: 300px) 100vw, 300px\" \/>\n\t\t\t<\/div>\n\t\t\t\t<figcaption class='wp-caption-text gallery-caption' id='gallery-1-1532'>\n\t\t\t\twww.shire.com\n\t\t\t\t<\/figcaption><\/figure><figure class='gallery-item'>\n\t\t\t<div class='gallery-icon landscape'>\n\t\t\t\t<img loading=\"lazy\" width=\"300\" height=\"124\" src=\"https:\/\/wwwbioxaorphan.hitsolutions.sk\/wp-content\/uploads\/2023\/01\/logo-ultragenyx-300x124.png\" class=\"attachment-medium size-medium\" alt=\"www.ultragenyx.com\" decoding=\"async\" aria-describedby=\"gallery-1-1568\" srcset=\"https:\/\/wwwbioxaorphan.hitsolutions.sk\/wp-content\/uploads\/2023\/01\/logo-ultragenyx-300x124.png 300w, https:\/\/wwwbioxaorphan.hitsolutions.sk\/wp-content\/uploads\/2023\/01\/logo-ultragenyx-1024x423.png 1024w, https:\/\/wwwbioxaorphan.hitsolutions.sk\/wp-content\/uploads\/2023\/01\/logo-ultragenyx-768x317.png 768w, https:\/\/wwwbioxaorphan.hitsolutions.sk\/wp-content\/uploads\/2023\/01\/logo-ultragenyx.png 1454w\" sizes=\"(max-width: 300px) 100vw, 300px\" \/>\n\t\t\t<\/div>\n\t\t\t\t<figcaption class='wp-caption-text gallery-caption' id='gallery-1-1568'>\n\t\t\t\twww.ultragenyx.com\n\t\t\t\t<\/figcaption><\/figure><figure class='gallery-item'>\n\t\t\t<div class='gallery-icon landscape'>\n\t\t\t\t<img loading=\"lazy\" width=\"226\" height=\"138\" src=\"https:\/\/wwwbioxaorphan.hitsolutions.sk\/wp-content\/uploads\/2023\/01\/vivax_logo.png\" class=\"attachment-medium size-medium\" alt=\"www.vivax.sk\" decoding=\"async\" aria-describedby=\"gallery-1-1566\" \/>\n\t\t\t<\/div>\n\t\t\t\t<figcaption class='wp-caption-text gallery-caption' id='gallery-1-1566'>\n\t\t\t\twww.vivax.sk\n\t\t\t\t<\/figcaption><\/figure><figure class='gallery-item'>\n\t\t\t<div class='gallery-icon landscape'>\n\t\t\t\t<img loading=\"lazy\" width=\"300\" height=\"68\" src=\"https:\/\/wwwbioxaorphan.hitsolutions.sk\/wp-content\/uploads\/2023\/01\/Screenshot-2023-01-11-at-13.21.10-300x68.png\" class=\"attachment-medium size-medium\" alt=\"www.vivax.cz\" decoding=\"async\" aria-describedby=\"gallery-1-1654\" srcset=\"https:\/\/wwwbioxaorphan.hitsolutions.sk\/wp-content\/uploads\/2023\/01\/Screenshot-2023-01-11-at-13.21.10-300x68.png 300w, https:\/\/wwwbioxaorphan.hitsolutions.sk\/wp-content\/uploads\/2023\/01\/Screenshot-2023-01-11-at-13.21.10.png 377w\" sizes=\"(max-width: 300px) 100vw, 300px\" \/>\n\t\t\t<\/div>\n\t\t\t\t<figcaption class='wp-caption-text gallery-caption' id='gallery-1-1654'>\n\t\t\t\twww.vivax.cz\n\t\t\t\t<\/figcaption><\/figure><figure class='gallery-item'>\n\t\t\t<div class='gallery-icon landscape'>\n\t\t\t\t<img loading=\"lazy\" width=\"300\" height=\"76\" src=\"https:\/\/wwwbioxaorphan.hitsolutions.sk\/wp-content\/uploads\/2022\/12\/Norameda_LOGO_RGB.png-300x76.webp\" class=\"attachment-medium size-medium\" alt=\"www.norameda.com\" decoding=\"async\" aria-describedby=\"gallery-1-1534\" srcset=\"https:\/\/wwwbioxaorphan.hitsolutions.sk\/wp-content\/uploads\/2022\/12\/Norameda_LOGO_RGB.png-300x76.webp 300w, https:\/\/wwwbioxaorphan.hitsolutions.sk\/wp-content\/uploads\/2022\/12\/Norameda_LOGO_RGB.png-768x194.webp 768w, https:\/\/wwwbioxaorphan.hitsolutions.sk\/wp-content\/uploads\/2022\/12\/Norameda_LOGO_RGB.png.webp 910w\" sizes=\"(max-width: 300px) 100vw, 300px\" \/>\n\t\t\t<\/div>\n\t\t\t\t<figcaption class='wp-caption-text gallery-caption' id='gallery-1-1534'>\n\t\t\t\twww.norameda.com\n\t\t\t\t<\/figcaption><\/figure><figure class='gallery-item'>\n\t\t\t<div class='gallery-icon landscape'>\n\t\t\t\t<img loading=\"lazy\" width=\"300\" height=\"257\" src=\"https:\/\/wwwbioxaorphan.hitsolutions.sk\/wp-content\/uploads\/2022\/12\/location-82UTKWVpnMcQRmJ6LSDa-images-b41f827f-e88c-418a-8454-256be87b0e8a.png\" class=\"attachment-medium size-medium\" alt=\"www.dcmedicalsolutions.com\" decoding=\"async\" aria-describedby=\"gallery-1-1533\" \/>\n\t\t\t<\/div>\n\t\t\t\t<figcaption class='wp-caption-text gallery-caption' id='gallery-1-1533'>\n\t\t\t\twww.dcmedicalsolutions.com\n\t\t\t\t<\/figcaption><\/figure><figure class='gallery-item'>\n\t\t\t<div class='gallery-icon landscape'>\n\t\t\t\t<img loading=\"lazy\" width=\"300\" height=\"45\" src=\"https:\/\/wwwbioxaorphan.hitsolutions.sk\/wp-content\/uploads\/2022\/12\/2560px-BioMarin_logo.svg-300x45.png\" class=\"attachment-medium size-medium\" alt=\"www.biomarin.com\" decoding=\"async\" aria-describedby=\"gallery-1-1531\" srcset=\"https:\/\/wwwbioxaorphan.hitsolutions.sk\/wp-content\/uploads\/2022\/12\/2560px-BioMarin_logo.svg-300x45.png 300w, https:\/\/wwwbioxaorphan.hitsolutions.sk\/wp-content\/uploads\/2022\/12\/2560px-BioMarin_logo.svg-1024x153.png 1024w, https:\/\/wwwbioxaorphan.hitsolutions.sk\/wp-content\/uploads\/2022\/12\/2560px-BioMarin_logo.svg-768x115.png 768w, https:\/\/wwwbioxaorphan.hitsolutions.sk\/wp-content\/uploads\/2022\/12\/2560px-BioMarin_logo.svg-1536x230.png 1536w, https:\/\/wwwbioxaorphan.hitsolutions.sk\/wp-content\/uploads\/2022\/12\/2560px-BioMarin_logo.svg-2048x306.png 2048w\" sizes=\"(max-width: 300px) 100vw, 300px\" \/>\n\t\t\t<\/div>\n\t\t\t\t<figcaption class='wp-caption-text gallery-caption' id='gallery-1-1531'>\n\t\t\t\twww.biomarin.com\n\t\t\t\t<\/figcaption><\/figure><figure class='gallery-item'>\n\t\t\t<div class='gallery-icon landscape'>\n\t\t\t\t<img loading=\"lazy\" width=\"300\" height=\"92\" src=\"https:\/\/wwwbioxaorphan.hitsolutions.sk\/wp-content\/uploads\/2022\/12\/logo-organogenesis-mobile-300x92.png\" class=\"attachment-medium size-medium\" alt=\"www.organogenesis.com\" decoding=\"async\" aria-describedby=\"gallery-1-1530\" srcset=\"https:\/\/wwwbioxaorphan.hitsolutions.sk\/wp-content\/uploads\/2022\/12\/logo-organogenesis-mobile-300x92.png 300w, https:\/\/wwwbioxaorphan.hitsolutions.sk\/wp-content\/uploads\/2022\/12\/logo-organogenesis-mobile-768x236.png 768w, https:\/\/wwwbioxaorphan.hitsolutions.sk\/wp-content\/uploads\/2022\/12\/logo-organogenesis-mobile.png 975w\" sizes=\"(max-width: 300px) 100vw, 300px\" \/>\n\t\t\t<\/div>\n\t\t\t\t<figcaption class='wp-caption-text gallery-caption' id='gallery-1-1530'>\n\t\t\t\twww.organogenesis.com\n\t\t\t\t<\/figcaption><\/figure><figure class='gallery-item'>\n\t\t\t<div class='gallery-icon landscape'>\n\t\t\t\t<img loading=\"lazy\" width=\"265\" height=\"140\" src=\"https:\/\/wwwbioxaorphan.hitsolutions.sk\/wp-content\/uploads\/2023\/01\/Screenshot-2023-01-11-at-14.57.50.png\" class=\"attachment-medium size-medium\" alt=\"\" decoding=\"async\" \/>\n\t\t\t<\/div><\/figure><figure class='gallery-item'>\n\t\t\t<div class='gallery-icon landscape'>\n\t\t\t\t<img loading=\"lazy\" width=\"182\" height=\"53\" src=\"https:\/\/wwwbioxaorphan.hitsolutions.sk\/wp-content\/uploads\/2023\/01\/renaxa_big.png\" class=\"attachment-medium size-medium\" alt=\"www.renaxa.sk\" decoding=\"async\" aria-describedby=\"gallery-1-1650\" \/>\n\t\t\t<\/div>\n\t\t\t\t<figcaption class='wp-caption-text gallery-caption' id='gallery-1-1650'>\n\t\t\t\twww.renaxa.sk\n\t\t\t\t<\/figcaption><\/figure>\n\t\t<\/div>\n\t\t<\/div>\n\t\t\t\t<\/div>\n\t\t\t\t<\/div>\n\t\t\t\t\t<\/div>\n\t\t<\/div>\n\t\t\t\t\t<\/div>\n\t\t<\/section>\n\t\t\t\t<\/div>\n\t\t","protected":false},"excerpt":{"rendered":"<p>PARTNERS\u00a0 PARTNERS of BIOXA group uk.advancismedical.com www.ptcbio.com www.orthogen.org www.euroresearch.it www.chemviron.eu www.shire.com www.ultragenyx.com www.vivax.sk www.vivax.cz www.norameda.com www.dcmedicalsolutions.com www.biomarin.com www.organogenesis.com www.renaxa.sk<\/p>\n","protected":false},"author":1,"featured_media":0,"parent":0,"menu_order":0,"comment_status":"closed","ping_status":"closed","template":"","meta":{"_monsterinsights_skip_tracking":false,"_monsterinsights_sitenote_active":false,"_monsterinsights_sitenote_note":"","_monsterinsights_sitenote_category":0,"_joinchat":[]},"yoast_head":"<!-- This site is optimized with the Yoast SEO plugin v21.1 - https:\/\/yoast.com\/wordpress\/plugins\/seo\/ -->\n<title>PARTNERS\u00a0 - BIOXA Therapeutics<\/title>\n<meta name=\"robots\" content=\"index, follow, max-snippet:-1, max-image-preview:large, max-video-preview:-1\" \/>\n<link rel=\"canonical\" href=\"https:\/\/wwwbioxaorphan.hitsolutions.sk\/?page_id=206\" \/>\n<meta property=\"og:locale\" content=\"sk_SK\" \/>\n<meta property=\"og:type\" content=\"article\" \/>\n<meta property=\"og:title\" content=\"PARTNERS\u00a0 - BIOXA Therapeutics\" \/>\n<meta property=\"og:description\" content=\"PARTNERS\u00a0 PARTNERS of BIOXA group uk.advancismedical.com www.ptcbio.com www.orthogen.org www.euroresearch.it www.chemviron.eu www.shire.com www.ultragenyx.com www.vivax.sk www.vivax.cz www.norameda.com www.dcmedicalsolutions.com www.biomarin.com www.organogenesis.com www.renaxa.sk\" \/>\n<meta property=\"og:url\" content=\"https:\/\/wwwbioxaorphan.hitsolutions.sk\/?page_id=206\" \/>\n<meta property=\"og:site_name\" content=\"BIOXA Therapeutics\" \/>\n<meta property=\"article:modified_time\" content=\"2023-01-11T13:58:20+00:00\" \/>\n<meta property=\"og:image\" content=\"https:\/\/wwwbioxaorphan.hitsolutions.sk\/wp-content\/uploads\/2022\/12\/Advancis-Medical-logo.jpg\" \/>\n<meta name=\"twitter:card\" content=\"summary_large_image\" \/>\n<meta name=\"twitter:label1\" content=\"Predpokladan\u00fd \u010das \u010d\u00edtania\" \/>\n\t<meta name=\"twitter:data1\" content=\"4 min\u00faty\" \/>\n<script type=\"application\/ld+json\" class=\"yoast-schema-graph\">{\"@context\":\"https:\/\/schema.org\",\"@graph\":[{\"@type\":\"WebPage\",\"@id\":\"https:\/\/wwwbioxaorphan.hitsolutions.sk\/?page_id=206\",\"url\":\"https:\/\/wwwbioxaorphan.hitsolutions.sk\/?page_id=206\",\"name\":\"PARTNERS\u00a0 - BIOXA Therapeutics\",\"isPartOf\":{\"@id\":\"https:\/\/wwwbioxaorphan.hitsolutions.sk\/#website\"},\"datePublished\":\"2022-01-10T12:31:16+00:00\",\"dateModified\":\"2023-01-11T13:58:20+00:00\",\"breadcrumb\":{\"@id\":\"https:\/\/wwwbioxaorphan.hitsolutions.sk\/?page_id=206#breadcrumb\"},\"inLanguage\":\"sk-SK\",\"potentialAction\":[{\"@type\":\"ReadAction\",\"target\":[\"https:\/\/wwwbioxaorphan.hitsolutions.sk\/?page_id=206\"]}]},{\"@type\":\"BreadcrumbList\",\"@id\":\"https:\/\/wwwbioxaorphan.hitsolutions.sk\/?page_id=206#breadcrumb\",\"itemListElement\":[{\"@type\":\"ListItem\",\"position\":1,\"name\":\"Home\",\"item\":\"https:\/\/wwwbioxaorphan.hitsolutions.sk\/\"},{\"@type\":\"ListItem\",\"position\":2,\"name\":\"PARTNERS\u00a0\"}]},{\"@type\":\"WebSite\",\"@id\":\"https:\/\/wwwbioxaorphan.hitsolutions.sk\/#website\",\"url\":\"https:\/\/wwwbioxaorphan.hitsolutions.sk\/\",\"name\":\"BIOXA Therapeutics\",\"description\":\"Medicine of modern technologies\",\"publisher\":{\"@id\":\"https:\/\/wwwbioxaorphan.hitsolutions.sk\/#organization\"},\"potentialAction\":[{\"@type\":\"SearchAction\",\"target\":{\"@type\":\"EntryPoint\",\"urlTemplate\":\"https:\/\/wwwbioxaorphan.hitsolutions.sk\/?s={search_term_string}\"},\"query-input\":\"required name=search_term_string\"}],\"inLanguage\":\"sk-SK\"},{\"@type\":\"Organization\",\"@id\":\"https:\/\/wwwbioxaorphan.hitsolutions.sk\/#organization\",\"name\":\"BIOXA Therapeutics\",\"url\":\"https:\/\/wwwbioxaorphan.hitsolutions.sk\/\",\"logo\":{\"@type\":\"ImageObject\",\"inLanguage\":\"sk-SK\",\"@id\":\"https:\/\/wwwbioxaorphan.hitsolutions.sk\/#\/schema\/logo\/image\/\",\"url\":\"https:\/\/wwwbioxaorphan.hitsolutions.sk\/wp-content\/uploads\/2022\/12\/logo.svg\",\"contentUrl\":\"https:\/\/wwwbioxaorphan.hitsolutions.sk\/wp-content\/uploads\/2022\/12\/logo.svg\",\"width\":186,\"height\":62,\"caption\":\"BIOXA Therapeutics\"},\"image\":{\"@id\":\"https:\/\/wwwbioxaorphan.hitsolutions.sk\/#\/schema\/logo\/image\/\"}}]}<\/script>\n<!-- \/ Yoast SEO plugin. -->","yoast_head_json":{"title":"PARTNERS\u00a0 - BIOXA Therapeutics","robots":{"index":"index","follow":"follow","max-snippet":"max-snippet:-1","max-image-preview":"max-image-preview:large","max-video-preview":"max-video-preview:-1"},"canonical":"https:\/\/wwwbioxaorphan.hitsolutions.sk\/?page_id=206","og_locale":"sk_SK","og_type":"article","og_title":"PARTNERS\u00a0 - BIOXA Therapeutics","og_description":"PARTNERS\u00a0 PARTNERS of BIOXA group uk.advancismedical.com www.ptcbio.com www.orthogen.org www.euroresearch.it www.chemviron.eu www.shire.com www.ultragenyx.com www.vivax.sk www.vivax.cz www.norameda.com www.dcmedicalsolutions.com www.biomarin.com www.organogenesis.com www.renaxa.sk","og_url":"https:\/\/wwwbioxaorphan.hitsolutions.sk\/?page_id=206","og_site_name":"BIOXA Therapeutics","article_modified_time":"2023-01-11T13:58:20+00:00","og_image":[{"url":"https:\/\/wwwbioxaorphan.hitsolutions.sk\/wp-content\/uploads\/2022\/12\/Advancis-Medical-logo.jpg"}],"twitter_card":"summary_large_image","twitter_misc":{"Predpokladan\u00fd \u010das \u010d\u00edtania":"4 min\u00faty"},"schema":{"@context":"https:\/\/schema.org","@graph":[{"@type":"WebPage","@id":"https:\/\/wwwbioxaorphan.hitsolutions.sk\/?page_id=206","url":"https:\/\/wwwbioxaorphan.hitsolutions.sk\/?page_id=206","name":"PARTNERS\u00a0 - BIOXA Therapeutics","isPartOf":{"@id":"https:\/\/wwwbioxaorphan.hitsolutions.sk\/#website"},"datePublished":"2022-01-10T12:31:16+00:00","dateModified":"2023-01-11T13:58:20+00:00","breadcrumb":{"@id":"https:\/\/wwwbioxaorphan.hitsolutions.sk\/?page_id=206#breadcrumb"},"inLanguage":"sk-SK","potentialAction":[{"@type":"ReadAction","target":["https:\/\/wwwbioxaorphan.hitsolutions.sk\/?page_id=206"]}]},{"@type":"BreadcrumbList","@id":"https:\/\/wwwbioxaorphan.hitsolutions.sk\/?page_id=206#breadcrumb","itemListElement":[{"@type":"ListItem","position":1,"name":"Home","item":"https:\/\/wwwbioxaorphan.hitsolutions.sk\/"},{"@type":"ListItem","position":2,"name":"PARTNERS\u00a0"}]},{"@type":"WebSite","@id":"https:\/\/wwwbioxaorphan.hitsolutions.sk\/#website","url":"https:\/\/wwwbioxaorphan.hitsolutions.sk\/","name":"BIOXA Therapeutics","description":"Medicine of modern technologies","publisher":{"@id":"https:\/\/wwwbioxaorphan.hitsolutions.sk\/#organization"},"potentialAction":[{"@type":"SearchAction","target":{"@type":"EntryPoint","urlTemplate":"https:\/\/wwwbioxaorphan.hitsolutions.sk\/?s={search_term_string}"},"query-input":"required name=search_term_string"}],"inLanguage":"sk-SK"},{"@type":"Organization","@id":"https:\/\/wwwbioxaorphan.hitsolutions.sk\/#organization","name":"BIOXA Therapeutics","url":"https:\/\/wwwbioxaorphan.hitsolutions.sk\/","logo":{"@type":"ImageObject","inLanguage":"sk-SK","@id":"https:\/\/wwwbioxaorphan.hitsolutions.sk\/#\/schema\/logo\/image\/","url":"https:\/\/wwwbioxaorphan.hitsolutions.sk\/wp-content\/uploads\/2022\/12\/logo.svg","contentUrl":"https:\/\/wwwbioxaorphan.hitsolutions.sk\/wp-content\/uploads\/2022\/12\/logo.svg","width":186,"height":62,"caption":"BIOXA Therapeutics"},"image":{"@id":"https:\/\/wwwbioxaorphan.hitsolutions.sk\/#\/schema\/logo\/image\/"}}]}},"_links":{"self":[{"href":"https:\/\/wwwbioxaorphan.hitsolutions.sk\/index.php?rest_route=\/wp\/v2\/pages\/206"}],"collection":[{"href":"https:\/\/wwwbioxaorphan.hitsolutions.sk\/index.php?rest_route=\/wp\/v2\/pages"}],"about":[{"href":"https:\/\/wwwbioxaorphan.hitsolutions.sk\/index.php?rest_route=\/wp\/v2\/types\/page"}],"author":[{"embeddable":true,"href":"https:\/\/wwwbioxaorphan.hitsolutions.sk\/index.php?rest_route=\/wp\/v2\/users\/1"}],"replies":[{"embeddable":true,"href":"https:\/\/wwwbioxaorphan.hitsolutions.sk\/index.php?rest_route=%2Fwp%2Fv2%2Fcomments&post=206"}],"version-history":[{"count":6,"href":"https:\/\/wwwbioxaorphan.hitsolutions.sk\/index.php?rest_route=\/wp\/v2\/pages\/206\/revisions"}],"predecessor-version":[{"id":1693,"href":"https:\/\/wwwbioxaorphan.hitsolutions.sk\/index.php?rest_route=\/wp\/v2\/pages\/206\/revisions\/1693"}],"wp:attachment":[{"href":"https:\/\/wwwbioxaorphan.hitsolutions.sk\/index.php?rest_route=%2Fwp%2Fv2%2Fmedia&parent=206"}],"curies":[{"name":"wp","href":"https:\/\/api.w.org\/{rel}","templated":true}]}}