{"id":210,"date":"2022-01-10T12:31:51","date_gmt":"2022-01-10T12:31:51","guid":{"rendered":"https:\/\/medilar.atakansaracoglu.com\/?page_id=210"},"modified":"2022-12-20T21:06:32","modified_gmt":"2022-12-20T20:06:32","slug":"testimonials","status":"publish","type":"page","link":"https:\/\/wwwbioxaorphan.hitsolutions.sk\/?page_id=210","title":{"rendered":"<strong>MARKETS<\/strong>"},"content":{"rendered":"\t\t<div data-elementor-type=\"wp-page\" data-elementor-id=\"210\" class=\"elementor elementor-210\">\n\t\t\t\t\t\t<section class=\"elementor-section elementor-top-section elementor-element elementor-element-af24d6e elementor-section-height-min-height elementor-section-boxed elementor-section-height-default elementor-section-items-middle\" data-id=\"af24d6e\" data-element_type=\"section\" data-settings=\"{&quot;background_background&quot;:&quot;classic&quot;}\">\n\t\t\t\t\t\t\t<div class=\"elementor-background-overlay\"><\/div>\n\t\t\t\t\t\t\t<div class=\"elementor-container elementor-column-gap-no\">\n\t\t\t\t\t<div class=\"elementor-column elementor-col-100 elementor-top-column elementor-element elementor-element-4ef6bc4\" data-id=\"4ef6bc4\" data-element_type=\"column\">\n\t\t\t<div class=\"elementor-widget-wrap elementor-element-populated\">\n\t\t\t\t\t\t<div class=\"elementor-element elementor-element-d8b5f67 elementor-widget elementor-widget-page-title\" data-id=\"d8b5f67\" data-element_type=\"widget\" data-settings=\"{&quot;align&quot;:&quot;center&quot;}\" data-widget_type=\"page-title.default\">\n\t\t\t\t<div class=\"elementor-widget-container\">\n\t\t\t\t\t\n\t\t<div class=\"hfe-page-title hfe-page-title-wrapper elementor-widget-heading\">\n\n\t\t\t\t\t\t\t\t\t\t\t<a href=\"https:\/\/wwwbioxaorphan.hitsolutions.sk\">\n\t\t\t\t\t\t<h1 class=\"elementor-heading-title elementor-size-default\">\n\t\t\t\t\t\t\t\t\n\t\t\t\t<strong>MARKETS<\/strong>  \n\t\t\t<\/h1 > \n\t\t\t\t\t\t\t\t\t<\/a>\n\t\t\t\t\t<\/div>\n\t\t\t\t<\/div>\n\t\t\t\t<\/div>\n\t\t\t\t\t<\/div>\n\t\t<\/div>\n\t\t\t\t\t<\/div>\n\t\t<\/section>\n\t\t\t\t<section class=\"elementor-section elementor-top-section elementor-element elementor-element-9463bb1 elementor-section-boxed elementor-section-height-default elementor-section-height-default\" data-id=\"9463bb1\" data-element_type=\"section\">\n\t\t\t\t\t\t<div class=\"elementor-container elementor-column-gap-default\">\n\t\t\t\t\t<div class=\"elementor-column elementor-col-100 elementor-top-column elementor-element elementor-element-e72a3b7\" data-id=\"e72a3b7\" data-element_type=\"column\">\n\t\t\t<div class=\"elementor-widget-wrap elementor-element-populated\">\n\t\t\t\t\t\t<div class=\"elementor-element elementor-element-f3f0abe elementor-widget elementor-widget-image\" data-id=\"f3f0abe\" data-element_type=\"widget\" data-widget_type=\"image.default\">\n\t\t\t\t<div class=\"elementor-widget-container\">\n\t\t\t<style>\/*! elementor - v3.23.0 - 05-08-2024 *\/\n.elementor-widget-image{text-align:center}.elementor-widget-image a{display:inline-block}.elementor-widget-image a img[src$=\".svg\"]{width:48px}.elementor-widget-image img{vertical-align:middle;display:inline-block}<\/style>\t\t\t\t\t\t\t\t\t\t<img decoding=\"async\" src=\"https:\/\/wwwbioxaorphan.hitsolutions.sk\/wp-content\/uploads\/2022\/12\/MapChart_Map2-scaled.jpg\" title=\"MapChart_Map2\" alt=\"MapChart_Map2\" loading=\"lazy\" \/>\t\t\t\t\t\t\t\t\t\t\t\t\t<\/div>\n\t\t\t\t<\/div>\n\t\t\t\t\t<\/div>\n\t\t<\/div>\n\t\t\t\t\t<\/div>\n\t\t<\/section>\n\t\t\t\t<\/div>\n\t\t","protected":false},"excerpt":{"rendered":"<p>MARKETS<\/p>\n","protected":false},"author":1,"featured_media":0,"parent":0,"menu_order":0,"comment_status":"closed","ping_status":"closed","template":"","meta":{"_monsterinsights_skip_tracking":false,"_monsterinsights_sitenote_active":false,"_monsterinsights_sitenote_note":"","_monsterinsights_sitenote_category":0,"_joinchat":[]},"yoast_head":"<!-- This site is optimized with the Yoast SEO plugin v21.1 - https:\/\/yoast.com\/wordpress\/plugins\/seo\/ -->\n<title>MARKETS - BIOXA Therapeutics<\/title>\n<meta name=\"robots\" content=\"index, follow, max-snippet:-1, max-image-preview:large, max-video-preview:-1\" \/>\n<link rel=\"canonical\" href=\"https:\/\/wwwbioxaorphan.hitsolutions.sk\/?page_id=210\" \/>\n<meta property=\"og:locale\" content=\"sk_SK\" \/>\n<meta property=\"og:type\" content=\"article\" \/>\n<meta property=\"og:title\" content=\"MARKETS - BIOXA Therapeutics\" \/>\n<meta property=\"og:description\" content=\"MARKETS\" \/>\n<meta property=\"og:url\" content=\"https:\/\/wwwbioxaorphan.hitsolutions.sk\/?page_id=210\" \/>\n<meta property=\"og:site_name\" content=\"BIOXA Therapeutics\" \/>\n<meta property=\"article:modified_time\" content=\"2022-12-20T20:06:32+00:00\" \/>\n<meta property=\"og:image\" content=\"https:\/\/wwwbioxaorphan.hitsolutions.sk\/wp-content\/uploads\/2022\/12\/MapChart_Map2-scaled.jpg\" \/>\n<meta name=\"twitter:card\" content=\"summary_large_image\" \/>\n<meta name=\"twitter:label1\" content=\"Predpokladan\u00fd \u010das \u010d\u00edtania\" \/>\n\t<meta name=\"twitter:data1\" content=\"1 min\u00fata\" \/>\n<script type=\"application\/ld+json\" class=\"yoast-schema-graph\">{\"@context\":\"https:\/\/schema.org\",\"@graph\":[{\"@type\":\"WebPage\",\"@id\":\"https:\/\/wwwbioxaorphan.hitsolutions.sk\/?page_id=210\",\"url\":\"https:\/\/wwwbioxaorphan.hitsolutions.sk\/?page_id=210\",\"name\":\"MARKETS - BIOXA Therapeutics\",\"isPartOf\":{\"@id\":\"https:\/\/wwwbioxaorphan.hitsolutions.sk\/#website\"},\"datePublished\":\"2022-01-10T12:31:51+00:00\",\"dateModified\":\"2022-12-20T20:06:32+00:00\",\"breadcrumb\":{\"@id\":\"https:\/\/wwwbioxaorphan.hitsolutions.sk\/?page_id=210#breadcrumb\"},\"inLanguage\":\"sk-SK\",\"potentialAction\":[{\"@type\":\"ReadAction\",\"target\":[\"https:\/\/wwwbioxaorphan.hitsolutions.sk\/?page_id=210\"]}]},{\"@type\":\"BreadcrumbList\",\"@id\":\"https:\/\/wwwbioxaorphan.hitsolutions.sk\/?page_id=210#breadcrumb\",\"itemListElement\":[{\"@type\":\"ListItem\",\"position\":1,\"name\":\"Home\",\"item\":\"https:\/\/wwwbioxaorphan.hitsolutions.sk\/\"},{\"@type\":\"ListItem\",\"position\":2,\"name\":\"MARKETS\"}]},{\"@type\":\"WebSite\",\"@id\":\"https:\/\/wwwbioxaorphan.hitsolutions.sk\/#website\",\"url\":\"https:\/\/wwwbioxaorphan.hitsolutions.sk\/\",\"name\":\"BIOXA Therapeutics\",\"description\":\"Medicine of modern technologies\",\"publisher\":{\"@id\":\"https:\/\/wwwbioxaorphan.hitsolutions.sk\/#organization\"},\"potentialAction\":[{\"@type\":\"SearchAction\",\"target\":{\"@type\":\"EntryPoint\",\"urlTemplate\":\"https:\/\/wwwbioxaorphan.hitsolutions.sk\/?s={search_term_string}\"},\"query-input\":\"required name=search_term_string\"}],\"inLanguage\":\"sk-SK\"},{\"@type\":\"Organization\",\"@id\":\"https:\/\/wwwbioxaorphan.hitsolutions.sk\/#organization\",\"name\":\"BIOXA Therapeutics\",\"url\":\"https:\/\/wwwbioxaorphan.hitsolutions.sk\/\",\"logo\":{\"@type\":\"ImageObject\",\"inLanguage\":\"sk-SK\",\"@id\":\"https:\/\/wwwbioxaorphan.hitsolutions.sk\/#\/schema\/logo\/image\/\",\"url\":\"https:\/\/wwwbioxaorphan.hitsolutions.sk\/wp-content\/uploads\/2022\/12\/logo.svg\",\"contentUrl\":\"https:\/\/wwwbioxaorphan.hitsolutions.sk\/wp-content\/uploads\/2022\/12\/logo.svg\",\"width\":186,\"height\":62,\"caption\":\"BIOXA Therapeutics\"},\"image\":{\"@id\":\"https:\/\/wwwbioxaorphan.hitsolutions.sk\/#\/schema\/logo\/image\/\"}}]}<\/script>\n<!-- \/ Yoast SEO plugin. -->","yoast_head_json":{"title":"MARKETS - BIOXA Therapeutics","robots":{"index":"index","follow":"follow","max-snippet":"max-snippet:-1","max-image-preview":"max-image-preview:large","max-video-preview":"max-video-preview:-1"},"canonical":"https:\/\/wwwbioxaorphan.hitsolutions.sk\/?page_id=210","og_locale":"sk_SK","og_type":"article","og_title":"MARKETS - BIOXA Therapeutics","og_description":"MARKETS","og_url":"https:\/\/wwwbioxaorphan.hitsolutions.sk\/?page_id=210","og_site_name":"BIOXA Therapeutics","article_modified_time":"2022-12-20T20:06:32+00:00","og_image":[{"url":"https:\/\/wwwbioxaorphan.hitsolutions.sk\/wp-content\/uploads\/2022\/12\/MapChart_Map2-scaled.jpg"}],"twitter_card":"summary_large_image","twitter_misc":{"Predpokladan\u00fd \u010das \u010d\u00edtania":"1 min\u00fata"},"schema":{"@context":"https:\/\/schema.org","@graph":[{"@type":"WebPage","@id":"https:\/\/wwwbioxaorphan.hitsolutions.sk\/?page_id=210","url":"https:\/\/wwwbioxaorphan.hitsolutions.sk\/?page_id=210","name":"MARKETS - BIOXA Therapeutics","isPartOf":{"@id":"https:\/\/wwwbioxaorphan.hitsolutions.sk\/#website"},"datePublished":"2022-01-10T12:31:51+00:00","dateModified":"2022-12-20T20:06:32+00:00","breadcrumb":{"@id":"https:\/\/wwwbioxaorphan.hitsolutions.sk\/?page_id=210#breadcrumb"},"inLanguage":"sk-SK","potentialAction":[{"@type":"ReadAction","target":["https:\/\/wwwbioxaorphan.hitsolutions.sk\/?page_id=210"]}]},{"@type":"BreadcrumbList","@id":"https:\/\/wwwbioxaorphan.hitsolutions.sk\/?page_id=210#breadcrumb","itemListElement":[{"@type":"ListItem","position":1,"name":"Home","item":"https:\/\/wwwbioxaorphan.hitsolutions.sk\/"},{"@type":"ListItem","position":2,"name":"MARKETS"}]},{"@type":"WebSite","@id":"https:\/\/wwwbioxaorphan.hitsolutions.sk\/#website","url":"https:\/\/wwwbioxaorphan.hitsolutions.sk\/","name":"BIOXA Therapeutics","description":"Medicine of modern technologies","publisher":{"@id":"https:\/\/wwwbioxaorphan.hitsolutions.sk\/#organization"},"potentialAction":[{"@type":"SearchAction","target":{"@type":"EntryPoint","urlTemplate":"https:\/\/wwwbioxaorphan.hitsolutions.sk\/?s={search_term_string}"},"query-input":"required name=search_term_string"}],"inLanguage":"sk-SK"},{"@type":"Organization","@id":"https:\/\/wwwbioxaorphan.hitsolutions.sk\/#organization","name":"BIOXA Therapeutics","url":"https:\/\/wwwbioxaorphan.hitsolutions.sk\/","logo":{"@type":"ImageObject","inLanguage":"sk-SK","@id":"https:\/\/wwwbioxaorphan.hitsolutions.sk\/#\/schema\/logo\/image\/","url":"https:\/\/wwwbioxaorphan.hitsolutions.sk\/wp-content\/uploads\/2022\/12\/logo.svg","contentUrl":"https:\/\/wwwbioxaorphan.hitsolutions.sk\/wp-content\/uploads\/2022\/12\/logo.svg","width":186,"height":62,"caption":"BIOXA Therapeutics"},"image":{"@id":"https:\/\/wwwbioxaorphan.hitsolutions.sk\/#\/schema\/logo\/image\/"}}]}},"_links":{"self":[{"href":"https:\/\/wwwbioxaorphan.hitsolutions.sk\/index.php?rest_route=\/wp\/v2\/pages\/210"}],"collection":[{"href":"https:\/\/wwwbioxaorphan.hitsolutions.sk\/index.php?rest_route=\/wp\/v2\/pages"}],"about":[{"href":"https:\/\/wwwbioxaorphan.hitsolutions.sk\/index.php?rest_route=\/wp\/v2\/types\/page"}],"author":[{"embeddable":true,"href":"https:\/\/wwwbioxaorphan.hitsolutions.sk\/index.php?rest_route=\/wp\/v2\/users\/1"}],"replies":[{"embeddable":true,"href":"https:\/\/wwwbioxaorphan.hitsolutions.sk\/index.php?rest_route=%2Fwp%2Fv2%2Fcomments&post=210"}],"version-history":[{"count":6,"href":"https:\/\/wwwbioxaorphan.hitsolutions.sk\/index.php?rest_route=\/wp\/v2\/pages\/210\/revisions"}],"predecessor-version":[{"id":1484,"href":"https:\/\/wwwbioxaorphan.hitsolutions.sk\/index.php?rest_route=\/wp\/v2\/pages\/210\/revisions\/1484"}],"wp:attachment":[{"href":"https:\/\/wwwbioxaorphan.hitsolutions.sk\/index.php?rest_route=%2Fwp%2Fv2%2Fmedia&parent=210"}],"curies":[{"name":"wp","href":"https:\/\/api.w.org\/{rel}","templated":true}]}}